{"id":232,"date":"2021-07-26T14:02:57","date_gmt":"2021-07-26T14:02:57","guid":{"rendered":"https:\/\/parson-pakiranje.si\/wp\/causes\/"},"modified":"2021-09-01T14:08:50","modified_gmt":"2021-09-01T14:08:50","slug":"pakiranje-z-jeklenim-trakom","status":"publish","type":"page","link":"https:\/\/parson-pakiranje.si\/wp\/pakiranje-z-jeklenim-trakom\/","title":{"rendered":"Pakiranje z Jeklenim trakom"},"content":{"rendered":"\n\n\n\n\n\n\n\n\n\npakiranje z<span style=\"color: #FEB209\">&nbsp;jeklenim trakom&nbsp;<\/span>\n<p>Pakiranje z jeklenim trakom ima najstarej\u0161o tradicijo povezovanja in pakiranja. Za jeklene trakove je zna\u010dilna toplotna stabilnost in velika trdnost, zato je njegova uporaba primerna predvsem za metalur\u0161ko in lesno industrijo. Pakirani izdelek je ovit z jeklenim trakom, nato pa je trak zategnjen z ro\u010dnim orodjem ali napenjalcem. Spoj lahko naredimo s spenjalcem za jekleni trak ali s pomo\u010djo kovinskih sponk.&nbsp;<\/p><p>Jekleni trakovi so odli\u010dna izbira za povezovanje in pakiranje materialov z ostrimi robovi in trdimi vogali, ko so jeklene plo\u0161\u010de, tlakovci in opeke, \u017eice in mo\u010dne jeklene cevi. Idealen je za zadr\u017eevanje bremen, ki se nagibajo k usedanju, saj jeklo ne bo hitro izgubilo oblike. Jekleni trak se uporablja tudi za pakiranje neohlajenih izdelkov, saj bi se v primeru izbire plasti\u010dnega traku, le ta lahko za\u010del topiti.<\/p><p>Jekleni oziroma kovinski trak je hladno valjan, pocinkan in ima enojno navitje. Primeren je za ro\u010dno in strojno pakiranje<\/p><div><br><\/div><div><br><\/div><p><span><br><\/span><\/p>\n<table border=\"1\" cellspacing=\"0\" cellpadding=\"0\" width=\"604\" style=\"margin: 0px; padding: 0px; border: 0px; font-variant-numeric: inherit; font-variant-east-asian: inherit; font-stretch: inherit; font-size: 17.3333px; line-height: inherit; font-family: Cabin, sans-serif; vertical-align: baseline; border-collapse: collapse; border-spacing: 0px; overflow-wrap: break-word; color: rgb(68, 68, 68);\"><tbody style=\"margin: 0px; padding: 0px; border: 0px; font: inherit; vertical-align: baseline; overflow-wrap: break-word;\"><tr style=\"margin: 0px; padding: 0px; border: 0px; font: inherit; vertical-align: baseline; overflow-wrap: break-word;\"><td width=\"151\" valign=\"top\" style=\"margin: 0px; padding: 0px; border: 0px; font: inherit; vertical-align: baseline; overflow-wrap: break-word;\"><p align=\"center\" style=\"margin: 0px; padding: 0px; border: 0px; font-style: inherit; font-variant: inherit; font-weight: inherit; font-stretch: inherit; font-size: 16px; line-height: 1.5; font-family: inherit; vertical-align: baseline; overflow-wrap: break-word;\"><span style=\"margin: 0px; padding: 0px; border: 0px; font-style: inherit; font-variant: inherit; font-weight: 700; font-stretch: inherit; font-size: inherit; line-height: inherit; font-family: inherit; vertical-align: baseline; overflow-wrap: break-word; color: rgb(71, 71, 71);\">Dimenzije jeklenega traku<\/span><span style=\"margin: 0px; padding: 0px; border: 0px; font-style: inherit; font-variant: inherit; font-weight: 700; font-stretch: inherit; font-size: inherit; line-height: inherit; font-family: inherit; vertical-align: baseline; overflow-wrap: break-word; color: rgb(71, 71, 71);\"><o:p style=\"padding: 0px; margin: 0px; overflow-wrap: break-word;\"><\/o:p><\/span><\/p><\/td><td width=\"151\" valign=\"top\" style=\"margin: 0px; padding: 0px; border: 0px; font: inherit; vertical-align: baseline; overflow-wrap: break-word;\"><p align=\"center\" style=\"margin: 0px; padding: 0px; border: 0px; font-style: inherit; font-variant: inherit; font-weight: inherit; font-stretch: inherit; font-size: 16px; line-height: 1.5; font-family: inherit; vertical-align: baseline; overflow-wrap: break-word;\"><span style=\"margin: 0px; padding: 0px; border: 0px; font-style: inherit; font-variant: inherit; font-weight: 700; font-stretch: inherit; font-size: inherit; line-height: inherit; font-family: inherit; vertical-align: baseline; overflow-wrap: break-word; color: rgb(71, 71, 71);\">Notranji premer koluta<o:p style=\"padding: 0px; margin: 0px; overflow-wrap: break-word;\"><\/o:p><\/span><\/p><\/td><td width=\"151\" valign=\"top\" style=\"margin: 0px; padding: 0px; border: 0px; font-style: inherit; font-variant: inherit; font-stretch: inherit; font-size: inherit; line-height: inherit; font-family: inherit; vertical-align: baseline; overflow-wrap: break-word;\"><p align=\"center\" style=\"margin: 0px; padding: 0px; border: 0px; font-style: inherit; font-variant: inherit; font-stretch: inherit; font-size: 16px; line-height: 1.5; font-family: inherit; vertical-align: baseline; overflow-wrap: break-word;\"><font color=\"#474747\"><strong>Barva<\/strong><\/font><\/p><span style=\"font-weight: 700; margin: 0px; padding: 0px; border: 0px; font-style: inherit; font-variant: inherit; font-stretch: inherit; font-size: inherit; line-height: inherit; font-family: inherit; vertical-align: baseline; overflow-wrap: break-word; color: rgb(71, 71, 71);\">&nbsp;<\/span><\/td><td width=\"151\" valign=\"top\" style=\"margin: 0px; padding: 0px; border: 0px; font: inherit; vertical-align: baseline; overflow-wrap: break-word;\"><p align=\"center\" style=\"margin: 0px; padding: 0px; border: 0px; font-style: inherit; font-variant: inherit; font-weight: inherit; font-stretch: inherit; font-size: 16px; line-height: 1.5; font-family: inherit; vertical-align: baseline; overflow-wrap: break-word;\"><br><\/p><\/td><\/tr><tr style=\"margin: 0px; padding: 0px; border: 0px; font: inherit; vertical-align: baseline; overflow-wrap: break-word;\"><td width=\"151\" valign=\"top\" style=\"margin: 0px; padding: 0px; border: 0px; font: inherit; vertical-align: baseline; overflow-wrap: break-word;\"><p align=\"center\" style=\"margin: 0px; padding: 0px; border: 0px; font-style: inherit; font-variant: inherit; font-weight: inherit; font-stretch: inherit; font-size: 16px; line-height: 1.5; font-family: inherit; vertical-align: baseline; overflow-wrap: break-word;\"><span style=\"margin: 0px; padding: 0px; border: 0px; font-style: inherit; font-variant: inherit; font-weight: 700; font-stretch: inherit; font-size: inherit; line-height: inherit; font-family: inherit; vertical-align: baseline; overflow-wrap: break-word; color: rgb(71, 71, 71);\">12,70 x 0,5 mm<\/span><span style=\"margin: 0px; padding: 0px; border: 0px; font-style: inherit; font-variant: inherit; font-weight: 700; font-stretch: inherit; font-size: inherit; line-height: inherit; font-family: inherit; vertical-align: baseline; overflow-wrap: break-word; color: rgb(71, 71, 71);\"><o:p style=\"padding: 0px; margin: 0px; overflow-wrap: break-word;\"><\/o:p><\/span><\/p><\/td><td width=\"151\" valign=\"top\" style=\"margin: 0px; padding: 0px; border: 0px; font: inherit; vertical-align: baseline; overflow-wrap: break-word;\"><p align=\"center\" style=\"margin: 0px; padding: 0px; border: 0px; font-style: inherit; font-variant: inherit; font-weight: inherit; font-stretch: inherit; font-size: 16px; line-height: 1.5; font-family: inherit; vertical-align: baseline; overflow-wrap: break-word;\">300 mm<o:p style=\"padding: 0px; margin: 0px; overflow-wrap: break-word;\"><\/o:p><\/p><\/td><td width=\"151\" valign=\"top\" style=\"margin: 0px; padding: 0px; border: 0px; font: inherit; vertical-align: baseline; overflow-wrap: break-word;\"><p align=\"center\" style=\"margin: 0px; padding: 0px; border: 0px; font-style: inherit; font-variant: inherit; font-weight: inherit; font-stretch: inherit; font-size: 16px; line-height: 1.5; font-family: inherit; vertical-align: baseline; overflow-wrap: break-word;\">cinkana<o:p style=\"padding: 0px; margin: 0px; overflow-wrap: break-word;\"><\/o:p><\/p><\/td><td width=\"151\" valign=\"top\" style=\"margin: 0px; padding: 0px; border: 0px; font: inherit; vertical-align: baseline; overflow-wrap: break-word;\"><br><\/td><\/tr><tr style=\"margin: 0px; padding: 0px; border: 0px; font: inherit; vertical-align: baseline; overflow-wrap: break-word;\"><td width=\"151\" valign=\"top\" style=\"margin: 0px; padding: 0px; border: 0px; font: inherit; vertical-align: baseline; overflow-wrap: break-word;\"><p align=\"center\" style=\"margin: 0px; padding: 0px; border: 0px; font-style: inherit; font-variant: inherit; font-weight: inherit; font-stretch: inherit; font-size: 16px; line-height: 1.5; font-family: inherit; vertical-align: baseline; overflow-wrap: break-word;\"><span style=\"margin: 0px; padding: 0px; border: 0px; font-style: inherit; font-variant: inherit; font-weight: 700; font-stretch: inherit; font-size: inherit; line-height: inherit; font-family: inherit; vertical-align: baseline; overflow-wrap: break-word; color: rgb(71, 71, 71);\">16 x 0,5 mm<\/span><span style=\"margin: 0px; padding: 0px; border: 0px; font-style: inherit; font-variant: inherit; font-weight: 700; font-stretch: inherit; font-size: inherit; line-height: inherit; font-family: inherit; vertical-align: baseline; overflow-wrap: break-word; color: rgb(71, 71, 71);\"><o:p style=\"padding: 0px; margin: 0px; overflow-wrap: break-word;\"><\/o:p><\/span><\/p><\/td><td width=\"151\" valign=\"top\" style=\"margin: 0px; padding: 0px; border: 0px; font: inherit; vertical-align: baseline; overflow-wrap: break-word;\"><p align=\"center\" style=\"margin: 0px; padding: 0px; border: 0px; font-style: inherit; font-variant: inherit; font-weight: inherit; font-stretch: inherit; font-size: 16px; line-height: 1.5; font-family: inherit; vertical-align: baseline; overflow-wrap: break-word;\">300 mm<o:p style=\"padding: 0px; margin: 0px; overflow-wrap: break-word;\"><\/o:p><\/p><\/td><td width=\"151\" valign=\"top\" style=\"margin: 0px; padding: 0px; border: 0px; font: inherit; vertical-align: baseline; overflow-wrap: break-word; text-align: -webkit-center;\"><span style=\"margin: 0px; padding: 0px; border: 0px; font-style: inherit; font-variant: inherit; font-weight: inherit; font-stretch: inherit; font-size: 16px; line-height: inherit; font-family: inherit; vertical-align: baseline; overflow-wrap: break-word;\">cinkana<\/span><\/td><td width=\"151\" valign=\"top\" style=\"margin: 0px; padding: 0px; border: 0px; font: inherit; vertical-align: baseline; overflow-wrap: break-word;\"><br><\/td><\/tr><tr style=\"margin: 0px; padding: 0px; border: 0px; font: inherit; vertical-align: baseline; overflow-wrap: break-word;\"><td width=\"151\" valign=\"top\" style=\"margin: 0px; padding: 0px; border: 0px; font: inherit; vertical-align: baseline; overflow-wrap: break-word;\"><p align=\"center\" style=\"margin: 0px; padding: 0px; border: 0px; font-style: inherit; font-variant: inherit; font-weight: inherit; font-stretch: inherit; font-size: 16px; line-height: 1.5; font-family: inherit; vertical-align: baseline; overflow-wrap: break-word;\"><span style=\"margin: 0px; padding: 0px; border: 0px; font-style: inherit; font-variant: inherit; font-weight: 700; font-stretch: inherit; font-size: inherit; line-height: inherit; font-family: inherit; vertical-align: baseline; overflow-wrap: break-word; color: rgb(71, 71, 71);\">19 x 0,6 mm<\/span><span style=\"margin: 0px; padding: 0px; border: 0px; font-style: inherit; font-variant: inherit; font-weight: 700; font-stretch: inherit; font-size: inherit; line-height: inherit; font-family: inherit; vertical-align: baseline; overflow-wrap: break-word; color: rgb(71, 71, 71);\"><o:p style=\"padding: 0px; margin: 0px; overflow-wrap: break-word;\"><\/o:p><\/span><\/p><\/td><td width=\"151\" valign=\"top\" style=\"margin: 0px; padding: 0px; border: 0px; font: inherit; vertical-align: baseline; overflow-wrap: break-word;\"><p align=\"center\" style=\"margin: 0px; padding: 0px; border: 0px; font-style: inherit; font-variant: inherit; font-weight: inherit; font-stretch: inherit; font-size: 16px; line-height: 1.5; font-family: inherit; vertical-align: baseline; overflow-wrap: break-word;\">300 mm<o:p style=\"padding: 0px; margin: 0px; overflow-wrap: break-word;\"><\/o:p><\/p><\/td><td width=\"151\" valign=\"top\" style=\"margin: 0px; padding: 0px; border: 0px; font: inherit; vertical-align: baseline; overflow-wrap: break-word;\"><p align=\"center\" style=\"margin: 0px; padding: 0px; border: 0px; font-style: inherit; font-variant: inherit; font-weight: inherit; font-stretch: inherit; font-size: 16px; line-height: 1.5; font-family: inherit; vertical-align: baseline; overflow-wrap: break-word;\">cinkana<o:p style=\"padding: 0px; margin: 0px; overflow-wrap: break-word;\"><\/o:p><\/p><\/td><td width=\"151\" valign=\"top\" style=\"margin: 0px; padding: 0px; border: 0px; font: inherit; vertical-align: baseline; overflow-wrap: break-word;\"><br><\/td><\/tr><tr style=\"margin: 0px; padding: 0px; border: 0px; font: inherit; vertical-align: baseline; overflow-wrap: break-word;\"><td width=\"151\" valign=\"top\" style=\"margin: 0px; padding: 0px; border: 0px; font: inherit; vertical-align: baseline; overflow-wrap: break-word;\"><p align=\"center\" style=\"margin: 0px; padding: 0px; border: 0px; font-style: inherit; font-variant: inherit; font-weight: inherit; font-stretch: inherit; font-size: 16px; line-height: 1.5; font-family: inherit; vertical-align: baseline; overflow-wrap: break-word;\"><span style=\"margin: 0px; padding: 0px; border: 0px; font-style: inherit; font-variant: inherit; font-weight: 700; font-stretch: inherit; font-size: inherit; line-height: inherit; font-family: inherit; vertical-align: baseline; overflow-wrap: break-word; color: rgb(71, 71, 71);\">25 x 0,8 mm<\/span><span style=\"margin: 0px; padding: 0px; border: 0px; font-style: inherit; font-variant: inherit; font-weight: 700; font-stretch: inherit; font-size: inherit; line-height: inherit; font-family: inherit; vertical-align: baseline; overflow-wrap: break-word; color: rgb(71, 71, 71);\"><o:p style=\"padding: 0px; margin: 0px; overflow-wrap: break-word;\"><\/o:p><\/span><\/p><\/td><td width=\"151\" valign=\"top\" style=\"margin: 0px; padding: 0px; border: 0px; font: inherit; vertical-align: baseline; overflow-wrap: break-word;\"><p align=\"center\" style=\"margin: 0px; padding: 0px; border: 0px; font-style: inherit; font-variant: inherit; font-weight: inherit; font-stretch: inherit; font-size: 16px; line-height: 1.5; font-family: inherit; vertical-align: baseline; overflow-wrap: break-word;\">300 mm<o:p style=\"padding: 0px; margin: 0px; overflow-wrap: break-word;\"><\/o:p><\/p><\/td><td width=\"151\" valign=\"top\" style=\"margin: 0px; padding: 0px; border: 0px; font: inherit; vertical-align: baseline; overflow-wrap: break-word;\"><p align=\"center\" style=\"margin: 0px; padding: 0px; border: 0px; font-style: inherit; font-variant: inherit; font-weight: inherit; font-stretch: inherit; font-size: 16px; line-height: 1.5; font-family: inherit; vertical-align: baseline; overflow-wrap: break-word;\">cinkana<o:p style=\"padding: 0px; margin: 0px; overflow-wrap: break-word;\"><\/o:p><\/p><\/td><td width=\"151\" valign=\"top\" style=\"margin: 0px; padding: 0px; border: 0px; font: inherit; vertical-align: baseline; overflow-wrap: break-word;\"><br><\/td><\/tr><tr style=\"margin: 0px; padding: 0px; border: 0px; font: inherit; vertical-align: baseline; overflow-wrap: break-word;\"><td width=\"151\" valign=\"top\" style=\"margin: 0px; padding: 0px; border: 0px; font: inherit; vertical-align: baseline; overflow-wrap: break-word;\"><p align=\"center\" style=\"margin: 0px; padding: 0px; border: 0px; font-style: inherit; font-variant: inherit; font-weight: inherit; font-stretch: inherit; font-size: 16px; line-height: 1.5; font-family: inherit; vertical-align: baseline; overflow-wrap: break-word;\"><span style=\"margin: 0px; padding: 0px; border: 0px; font-style: inherit; font-variant: inherit; font-weight: 700; font-stretch: inherit; font-size: inherit; line-height: inherit; font-family: inherit; vertical-align: baseline; overflow-wrap: break-word; color: rgb(71, 71, 71);\">32 x 0,8 mm<\/span><span style=\"margin: 0px; padding: 0px; border: 0px; font-style: inherit; font-variant: inherit; font-weight: 700; font-stretch: inherit; font-size: inherit; line-height: inherit; font-family: inherit; vertical-align: baseline; overflow-wrap: break-word; color: rgb(71, 71, 71);\"><o:p style=\"padding: 0px; margin: 0px; overflow-wrap: break-word;\"><\/o:p><\/span><\/p><\/td><td width=\"151\" valign=\"top\" style=\"margin: 0px; padding: 0px; border: 0px; font: inherit; vertical-align: baseline; overflow-wrap: break-word;\"><p align=\"center\" style=\"margin: 0px; padding: 0px; border: 0px; font-style: inherit; font-variant: inherit; font-weight: inherit; font-stretch: inherit; font-size: 16px; line-height: 1.5; font-family: inherit; vertical-align: baseline; overflow-wrap: break-word;\">300 mm<o:p style=\"padding: 0px; margin: 0px; overflow-wrap: break-word;\"><\/o:p><\/p><\/td><td width=\"151\" valign=\"top\" style=\"margin: 0px; padding: 0px; border: 0px; font: inherit; vertical-align: baseline; overflow-wrap: break-word;\"><p align=\"center\" style=\"margin: 0px; padding: 0px; border: 0px; font-style: inherit; font-variant: inherit; font-weight: inherit; font-stretch: inherit; font-size: 16px; line-height: 1.5; font-family: inherit; vertical-align: baseline; overflow-wrap: break-word;\">cinkana<o:p style=\"padding: 0px; margin: 0px; overflow-wrap: break-word;\"><\/o:p><\/p><p align=\"center\" style=\"margin: 0px; padding: 0px; border: 0px; font-style: inherit; font-variant: inherit; font-weight: inherit; font-stretch: inherit; font-size: 16px; line-height: 1.5; font-family: inherit; vertical-align: baseline; overflow-wrap: break-word;\"><br><\/p><p align=\"center\" style=\"margin: 0px; padding: 0px; border: 0px; font-style: inherit; font-variant: inherit; font-weight: inherit; font-stretch: inherit; font-size: 16px; line-height: 1.5; font-family: inherit; vertical-align: baseline; overflow-wrap: break-word;\"><br><\/p><\/td><td width=\"151\" valign=\"top\" style=\"margin: 0px; padding: 0px; border: 0px; font: inherit; vertical-align: baseline; overflow-wrap: break-word;\"><p align=\"center\" style=\"margin: 0px; padding: 0px; border: 0px; font-style: inherit; font-variant: inherit; font-weight: inherit; font-stretch: inherit; font-size: 16px; line-height: 1.5; font-family: inherit; vertical-align: baseline; overflow-wrap: break-word;\"><br><\/p><\/td><\/tr><\/tbody><\/table>\n\n\n\n\n\nkovinske<span style=\"color: #FEB209\">&nbsp;sponke<\/span>\n<p>Kovinske sponke se uporabljajo pri povezovanju in pakiranju z jeklenim trakom.&nbsp;<\/p><p>Sponke je mogo\u010de uporabljati pri jeklenih trakovih \u0161irine 13,16,19,25 ali 32 mm.&nbsp;<\/p><p>Spanjanje je mo\u017eno z ro\u010dnim spenjalcem ali pnevmatskim spenjalcem.<br><\/p><div><br><\/div><span><br><\/span><span><br><\/span>\n\n\n\n\n\nodvijalec za<span style=\"color: #FEB209\">&nbsp;Jekleni pakirni trak<\/span>\n<p>Odvijalec za jekleni trak se priporo\u010da vsem, ki jekleni trak uporabljate pri pakiranju, saj vam mo\u010dno olaj\u0161a delo in prihrani \u010das, predvsem pa zmanj\u0161a mo\u017enost po\u0161kodb pri delu in ureznin. Odvijalec za jekleni trak je&nbsp; narejen iz kakovostnega materiala. Primeren je za razli\u010dne dimenzije jeklenega traku od 13 do 32mm z notranjim premerom 300 mm (npr. hladno valjan). Odvijalec za jekleni trak je prenosen, na kolesih hkrati pa stabilen, kar omogo\u010da enostavno uporabo. Opremljen pa je tudi s posodo za odlaganje.<\/p><p>Na voljo sta dva tipa odvijalcev, za enojno navitje in za kri\u017eno navitje jeklenega traku.<\/p><p><span><br><br><\/span><\/p><p><span><br><\/span><\/p>\n\n\n\n\n\nro\u010dni spenjalec<span style=\"color: #FEB209\">&nbsp;Jeklenega traku<\/span> Brez sponk\n<p>Spenjalec je zasnovan za pakiranje z jeklenim trakom brez kovinske sponke.&nbsp;<\/p><p>Spenjalec je nastavljiv za jeklene trakove od \u0161irine 13 mm do 20 mm in debeline 0,4 do 0,63 mm.&nbsp;<\/p><p>Spoj je narejen z luknjanjem, trdnost spoja je do 4000N. Spenjalec je enostaven za uporabo in ima izredno mo\u010dan zategovalni sistem.<\/p><p><br><\/p><p>Namenjen vezanju ravnih predmetov npr. \u0161katle, opeke, lesni izdelki, blago zlo\u017eeno na palete in podobno.<\/p><p><span><br><\/span><\/p>\n<p>\u0160irina jeklenega traku:&nbsp;<span>\t<\/span>13-20 mm<\/p><p>Debeline jeklenega traku:&nbsp;<span>\t<\/span>0,4-0,63 mm<\/p><p>Te\u017ea:&nbsp;<span>\t<\/span>4,25 kg<\/p><p>Sila zategovanja:<span>\t<\/span>4000 N<\/p><p>Na\u010din spenjanja<span>:&nbsp;<\/span>Brez sponk<\/p><div><br><\/div>\n\n\n\n\n\npnevmatski spenjalec<span style=\"color: #FEB209\">&nbsp;fromm<\/span>&nbsp;\n<p>Pnevmatski spenjalci Fromm so robustni spenjalci za vezanje z jeklenim trakom. Spenjalci so odli\u010dno zasnovani in primereni za visoke napenjalne aplikacije.&nbsp;<\/p><p>Pnevmatski spenjalec deluje brez jeklenih sponk kar pomeni da trak zateguje, odre\u017ee in zavari.&nbsp;<\/p><p>Sistem MicroLock brez tesnil zagotavlja najve\u010djo varnost pri povezovanju brez jeklenih sponk.&nbsp;<\/p><p>Pnevmatski spenjalec Fromm ima visoko zanesljivost kar zmanj\u0161uje \u010das izpada, prav tako pa je tudi enostaven za servisiranje<\/p><p><span><br><\/span><\/p>\n<p>\u0160irina jeklenega traku:&nbsp;<span>\t<\/span>13-25 mm<\/p><p>Debeline jeklenega traku:&nbsp;<span>\t<\/span>0,5-1,00 mm<\/p><p>Te\u017ea:&nbsp;<span>&nbsp;18<\/span>,4 kg<\/p><p>Sila zategovanja:<span>\t<\/span>1100 N\/m2<\/p><p>Na\u010din spenjanja<span>:&nbsp;<\/span>Brez sponk<\/p><div><br><\/div>\n\n\n\n\n\nkomplet za pakiranje z<span style=\"color: #FEB209\">&nbsp;jeklenim trakom<\/span>&nbsp;\n<p>Za ro\u010dno povezovanje z jeklenim trakom potrebujete napenjalec jeklenega traku, spenjalec jeklenega traku, \u0161karje za jekleni trak ter sponke za jekleni trak.<\/p><p><br><\/p><p>Ta sistem povezovanja je namenjen tistim, ki povezujejo le nekaj paketov na dan\/ teden, saj je v primerjavi z drugimi metodami povezovanja ta najbolj zamuden.<\/p><p>Deluje tako da trak napnete z napenjalcem, vstavite sponko, zategnete ter s spenjalcem pritrdite na sponko.<\/p><p><span><br><\/span><\/p>\n<p>NAPENJALEC- ro\u010dno orodje za povezovanje z jeklenim trakom je enostaven za uporabo.<\/p><p>Ta napenjalnik se uporablja samo skupaj z ustreznim tesnilom. Primeren je za jekleni trak velikosti 13 do 23 mm.<\/p>\n<p>SPENJALEC- spenjalec jeklenega traku se uporablja samo z ustreznim napenjalcem. Spenjalec je primeren za jekleni trak velikosti 13&nbsp; do 23 mm. Mogo\u010de je povezovati z ali brez kovinskih sponk, odvisno od tipa spenjalca. Kvaliteti jeklenega traku se priporo\u010di model spenjalca.<br><\/p>\n<p>JEKLENE SPONKE- jeklene sponke potrebujemo pri povezovanju z jeklenim trakom. Na voljo so jeklene sponke, ki so primerne za trak velikosti od 13mm do 23mm.&nbsp;<br><\/p>\n<p>\u0160KARJE- \u0161karje za rezanje jeklenega povezovalnega traku \u0161irine 10 &#8211; 19 mm z varnostnim zapiralom<br><\/p>\n\n\n\n\n\n","protected":false},"excerpt":{"rendered":"","protected":false},"author":1,"featured_media":0,"parent":0,"menu_order":0,"comment_status":"closed","ping_status":"closed","template":"","meta":{"footnotes":""},"class_list":["post-232","page","type-page","status-publish","hentry"],"_links":{"self":[{"href":"https:\/\/parson-pakiranje.si\/wp\/wp-json\/wp\/v2\/pages\/232","targetHints":{"allow":["GET"]}}],"collection":[{"href":"https:\/\/parson-pakiranje.si\/wp\/wp-json\/wp\/v2\/pages"}],"about":[{"href":"https:\/\/parson-pakiranje.si\/wp\/wp-json\/wp\/v2\/types\/page"}],"author":[{"embeddable":true,"href":"https:\/\/parson-pakiranje.si\/wp\/wp-json\/wp\/v2\/users\/1"}],"replies":[{"embeddable":true,"href":"https:\/\/parson-pakiranje.si\/wp\/wp-json\/wp\/v2\/comments?post=232"}],"version-history":[{"count":12,"href":"https:\/\/parson-pakiranje.si\/wp\/wp-json\/wp\/v2\/pages\/232\/revisions"}],"predecessor-version":[{"id":395,"href":"https:\/\/parson-pakiranje.si\/wp\/wp-json\/wp\/v2\/pages\/232\/revisions\/395"}],"wp:attachment":[{"href":"https:\/\/parson-pakiranje.si\/wp\/wp-json\/wp\/v2\/media?parent=232"}],"curies":[{"name":"wp","href":"https:\/\/api.w.org\/{rel}","templated":true}]}}